{"id":303,"date":"2022-10-10T06:18:40","date_gmt":"2022-10-10T06:18:40","guid":{"rendered":"https:\/\/mattphotographer.com\/?page_id=303"},"modified":"2022-10-23T16:20:29","modified_gmt":"2022-10-23T16:20:29","slug":"sobremi","status":"publish","type":"page","link":"https:\/\/mattphotographer.com\/?page_id=303","title":{"rendered":"Sobre mi"},"content":{"rendered":"<p>[et_pb_section fb_built=\u00bb1&#8243; admin_label=\u00bbHeader\u00bb _builder_version=\u00bb4.18.0&#8243; _module_preset=\u00bbdefault\u00bb custom_padding=\u00bb||5px|||\u00bb global_colors_info=\u00bb{}\u00bb][et_pb_row _builder_version=\u00bb4.18.0&#8243; _module_preset=\u00bbdefault\u00bb min_height=\u00bb225.4px\u00bb global_colors_info=\u00bb{}\u00bb][et_pb_column type=\u00bb4_4&#8243; _builder_version=\u00bb4.18.0&#8243; _module_preset=\u00bbdefault\u00bb global_colors_info=\u00bb{}\u00bb][et_pb_text _builder_version=\u00bb4.18.0&#8243; _module_preset=\u00bbd72c0383-6487-4f2c-ac5c-7d48a6376757&#8243; text_text_color=\u00bb#000000&#8243; link_text_color=\u00bb#ffffff\u00bb header_font=\u00bbKrona One|||on|||||\u00bb header_text_color=\u00bb#E1D9D7&#8243; header_font_size=\u00bb96px\u00bb header_line_height=\u00bb1.2em\u00bb text_orientation=\u00bbcenter\u00bb header_font_size_tablet=\u00bb50px\u00bb header_font_size_phone=\u00bb30px\u00bb header_font_size_last_edited=\u00bbon|phone\u00bb locked=\u00bboff\u00bb global_colors_info=\u00bb{}\u00bb]<\/p>\n<h1><span style=\"color: #000000;\">Mateo Ochoa<\/span><\/h1>\n<p>[\/et_pb_text][et_pb_text _builder_version=\u00bb4.18.0&#8243; _module_preset=\u00bb381dae94-24d7-4aff-b920-d622376eafad\u00bb header_5_font=\u00bbSacramento||||||||\u00bb header_5_text_color=\u00bb#000000&#8243; header_5_font_size=\u00bb80px\u00bb header_5_line_height=\u00bb1.2em\u00bb text_orientation=\u00bbcenter\u00bb min_height=\u00bb64px\u00bb custom_margin=\u00bb-100px||||false|false\u00bb custom_margin_tablet=\u00bb-80px||||false|false\u00bb custom_margin_phone=\u00bb-60px||||false|false\u00bb custom_margin_last_edited=\u00bbon|phone\u00bb custom_padding=\u00bb||21px|||\u00bb header_5_font_size_tablet=\u00bb40px\u00bb header_5_font_size_phone=\u00bb34px\u00bb header_5_font_size_last_edited=\u00bbon|phone\u00bb locked=\u00bboff\u00bb global_colors_info=\u00bb{}\u00bb]<\/p>\n<h5><\/h5>\n<p>[\/et_pb_text][et_pb_text _builder_version=\u00bb4.18.0&#8243; _module_preset=\u00bb1d866de3-b108-4c5f-bed3-2da9506a6915&#8243; header_font=\u00bb||||||||\u00bb header_4_font=\u00bb||||||||\u00bb header_4_font_size=\u00bb24px\u00bb header_4_line_height=\u00bb1.5em\u00bb text_orientation=\u00bbcenter\u00bb header_4_font_size_tablet=\u00bb18px\u00bb header_4_font_size_phone=\u00bb14px\u00bb header_4_font_size_last_edited=\u00bbon|phone\u00bb locked=\u00bboff\u00bb global_colors_info=\u00bb{}\u00bb]<\/p>\n<h4><span style=\"color: #565656;\">Fotograf\u00eda Cuenca<\/span><\/h4>\n<p>[\/et_pb_text][\/et_pb_column][\/et_pb_row][\/et_pb_section][et_pb_section fb_built=\u00bb1&#8243; admin_label=\u00bbAbout\u00bb _builder_version=\u00bb4.18.0&#8243; _module_preset=\u00bbdefault\u00bb min_height=\u00bb1464px\u00bb overflow-x=\u00bbhidden\u00bb overflow-y=\u00bbhidden\u00bb custom_margin=\u00bb||38px|||\u00bb global_colors_info=\u00bb{}\u00bb][et_pb_row column_structure=\u00bb1_2,1_2&#8243; _builder_version=\u00bb4.18.0&#8243; _module_preset=\u00bbdefault\u00bb background_color=\u00bbrgba(0,0,0,0.04)\u00bb locked=\u00bboff\u00bb global_colors_info=\u00bb{}\u00bb][et_pb_column type=\u00bb1_2&#8243; _builder_version=\u00bb4.18.0&#8243; _module_preset=\u00bbdefault\u00bb z_index=\u00bb10&#8243; global_colors_info=\u00bb{}\u00bb][et_pb_image src=\u00bbhttps:\/\/mattphotographer.com\/wp-content\/uploads\/2022\/10\/IMG_1602.jpg\u00bb title_text=\u00bbIMG_1602&#8243; _builder_version=\u00bb4.18.0&#8243; _module_preset=\u00bbdefault\u00bb background_color=\u00bb#FFFFFF\u00bb custom_margin=\u00bb||||false|false\u00bb custom_padding=\u00bb|30%|||false|false\u00bb locked=\u00bboff\u00bb global_colors_info=\u00bb{}\u00bb][\/et_pb_image][et_pb_text _builder_version=\u00bb4.18.0&#8243; _module_preset=\u00bb7b39e609-07da-4c2d-b385-8265485d0349&#8243; header_2_font=\u00bb|||on|||||\u00bb header_2_text_color=\u00bb#000000&#8243; header_2_font_size=\u00bb100px\u00bb header_2_line_height=\u00bb1.2em\u00bb custom_margin=\u00bb|-100%|||false|false\u00bb custom_margin_tablet=\u00bb|0%|||false|false\u00bb custom_margin_phone=\u00bb|0%|||false|false\u00bb custom_margin_last_edited=\u00bbon|phone\u00bb custom_padding=\u00bb||||false|false\u00bb header_2_font_size_tablet=\u00bb50px\u00bb header_2_font_size_phone=\u00bb30px\u00bb header_2_font_size_last_edited=\u00bbon|phone\u00bb locked=\u00bboff\u00bb global_colors_info=\u00bb{}\u00bb]<\/p>\n<h2>Sobre<\/h2>\n<h2>Mateo<\/h2>\n<p>&nbsp;<\/p>\n<p>[\/et_pb_text][et_pb_text _builder_version=\u00bb4.18.0&#8243; _module_preset=\u00bbaec0be99-8a53-4f75-abf2-64f29a8b4cc2&#8243; text_font=\u00bb||||||||\u00bb text_text_color=\u00bb#000000&#8243; text_font_size=\u00bb18px\u00bb text_line_height=\u00bb1.8em\u00bb link_text_color=\u00bb#000000&#8243; text_font_size_tablet=\u00bb16px\u00bb text_font_size_phone=\u00bb14px\u00bb text_font_size_last_edited=\u00bbon|phone\u00bb locked=\u00bboff\u00bb global_colors_info=\u00bb{}\u00bb]<\/p>\n<p>Hola, soy Mateo Ochoa, tengo 21 a\u00f1os, soy fot\u00f3grafo independiente desde hace m\u00e1s de 5 a\u00f1os, para mi el arte es uno de los medios de expresi\u00f3n m\u00e1s fuertes, raz\u00f3n por la cual en la actualidad me encuentro estudiando marketing y dise\u00f1o gr\u00e1fico. Pero sobretodo instruyendo a j\u00f3venes desde el club de fotograf\u00eda de la UCACUE.<\/p>\n<p>[\/et_pb_text][\/et_pb_column][et_pb_column type=\u00bb1_2&#8243; _builder_version=\u00bb4.18.0&#8243; _module_preset=\u00bbdefault\u00bb global_colors_info=\u00bb{}\u00bb][et_pb_image src=\u00bbhttps:\/\/mattphotographer.com\/wp-content\/uploads\/2022\/10\/IMG_2722-scaled.jpeg\u00bb title_text=\u00bbIMG_2722&#8243; _builder_version=\u00bb4.18.0&#8243; _module_preset=\u00bbdefault\u00bb custom_margin=\u00bb|-25vw|||false|false\u00bb custom_margin_tablet=\u00bb|-10vw|||false|false\u00bb custom_margin_phone=\u00bb|-10vw|||false|false\u00bb custom_margin_last_edited=\u00bbon|phone\u00bb global_colors_info=\u00bb{}\u00bb][\/et_pb_image][\/et_pb_column][\/et_pb_row][\/et_pb_section][et_pb_section fb_built=\u00bb1&#8243; admin_label=\u00bbServices\u00bb _builder_version=\u00bb4.18.0&#8243; _module_preset=\u00bbdefault\u00bb locked=\u00bboff\u00bb global_colors_info=\u00bb{}\u00bb][et_pb_row _builder_version=\u00bb4.18.0&#8243; _module_preset=\u00bbdefault\u00bb global_colors_info=\u00bb{}\u00bb][et_pb_column type=\u00bb4_4&#8243; _builder_version=\u00bb4.18.0&#8243; _module_preset=\u00bbdefault\u00bb global_colors_info=\u00bb{}\u00bb][et_pb_text _builder_version=\u00bb4.18.0&#8243; _module_preset=\u00bb7b39e609-07da-4c2d-b385-8265485d0349&#8243; header_2_font=\u00bbKrona One|||on|||||\u00bb header_2_text_color=\u00bb#000000&#8243; header_2_font_size=\u00bb100px\u00bb header_2_line_height=\u00bb1.2em\u00bb text_orientation=\u00bbcenter\u00bb custom_margin=\u00bb||78px|||\u00bb header_2_font_size_tablet=\u00bb50px\u00bb header_2_font_size_phone=\u00bb30px\u00bb header_2_font_size_last_edited=\u00bbon|phone\u00bb locked=\u00bboff\u00bb global_colors_info=\u00bb{}\u00bb]<\/p>\n<h2><span style=\"color: #000000;\">Creatividad<\/span>. Innovaci\u00f3n. Estilo.<\/h2>\n<p>[\/et_pb_text][\/et_pb_column][\/et_pb_row][et_pb_row column_structure=\u00bb1_2,1_2&#8243; _builder_version=\u00bb4.18.0&#8243; _module_preset=\u00bbdefault\u00bb global_colors_info=\u00bb{}\u00bb][et_pb_column type=\u00bb1_2&#8243; _builder_version=\u00bb4.18.0&#8243; _module_preset=\u00bbdefault\u00bb global_colors_info=\u00bb{}\u00bb][et_pb_text _builder_version=\u00bb4.18.0&#8243; _module_preset=\u00bb1d866de3-b108-4c5f-bed3-2da9506a6915&#8243; header_font=\u00bb||||||||\u00bb header_4_font=\u00bb||||||||\u00bb header_4_font_size=\u00bb24px\u00bb header_4_line_height=\u00bb1.5em\u00bb text_orientation=\u00bbcenter\u00bb header_4_font_size_tablet=\u00bb18px\u00bb header_4_font_size_phone=\u00bb14px\u00bb header_4_font_size_last_edited=\u00bbon|phone\u00bb locked=\u00bboff\u00bb global_colors_info=\u00bb{}\u00bb]<\/p>\n<h4><span style=\"font-size: xx-large;\"><strong>Misi\u00f3n<\/strong><\/span><\/h4>\n<p>[\/et_pb_text][et_pb_text _builder_version=\u00bb4.18.0&#8243; _module_preset=\u00bbdefault\u00bb text_font=\u00bb||||||||\u00bb text_line_height=\u00bb1.9em\u00bb text_font_tablet=\u00bbKrona One||||||||\u00bb text_font_phone=\u00bbKrona One||||||||\u00bb text_font_last_edited=\u00bbon|desktop\u00bb inline_fonts=\u00bbAkaya Kanadaka\u00bb global_colors_info=\u00bb{}\u00bb]<\/p>\n<p><span style=\"font-family: inherit; font-weight: normal; font-size: medium;\">Capturamos momentos fant\u00e1sticos y los traemos a la vida a trav\u00e9s de la \u00faltima tecnolog\u00eda en fotograf\u00eda y edici\u00f3n de imagen. Estudiamos el color, las texturas y la exposici\u00f3n, para crear im\u00e1genes claras, brillantes y, sobre todo, precisas. Especializado en fotograf\u00eda publicitaria, retratos y eventos de todo tipo, Matt Ochoa captura, revitaliza y sorprende con su lente al p\u00fablico desde el 2017.<\/span><\/p>\n<p>[\/et_pb_text][\/et_pb_column][et_pb_column type=\u00bb1_2&#8243; _builder_version=\u00bb4.18.0&#8243; _module_preset=\u00bbdefault\u00bb global_colors_info=\u00bb{}\u00bb][et_pb_text _builder_version=\u00bb4.18.0&#8243; _module_preset=\u00bb1d866de3-b108-4c5f-bed3-2da9506a6915&#8243; header_font=\u00bb||||||||\u00bb header_4_font=\u00bb||||||||\u00bb header_4_font_size=\u00bb24px\u00bb header_4_line_height=\u00bb1.5em\u00bb text_orientation=\u00bbcenter\u00bb header_4_font_size_tablet=\u00bb18px\u00bb header_4_font_size_phone=\u00bb14px\u00bb header_4_font_size_last_edited=\u00bbon|phone\u00bb locked=\u00bboff\u00bb global_colors_info=\u00bb{}\u00bb]<\/p>\n<h4><span style=\"font-size: xx-large;\"><strong>Visi\u00f3n<\/strong><\/span><\/h4>\n<p>[\/et_pb_text][et_pb_text _builder_version=\u00bb4.18.0&#8243; _module_preset=\u00bbdefault\u00bb text_font=\u00bb||||||||\u00bb text_line_height=\u00bb1.9em\u00bb text_font_tablet=\u00bbKrona One||||||||\u00bb text_font_phone=\u00bbKrona One||||||||\u00bb text_font_last_edited=\u00bbon|desktop\u00bb global_colors_info=\u00bb{}\u00bb]<\/p>\n<p><span style=\"font-size: medium;\">Recobrar el inter\u00e9s del p\u00fablico en la fotograf\u00eda profesional y ofrecerle la mejor experiencia fotogr\u00e1fica a nivel pa\u00eds con estrategias de imagen y dise\u00f1o internacional.<\/span><\/p>\n<p>[\/et_pb_text][\/et_pb_column][\/et_pb_row][\/et_pb_section]<\/p>\n","protected":false},"excerpt":{"rendered":"<p>Mateo OchoaFotograf\u00eda CuencaSobre Mateo &nbsp;Hola, soy Mateo Ochoa, tengo 21 a\u00f1os, soy fot\u00f3grafo independiente desde hace m\u00e1s de 5 a\u00f1os, para mi el arte es uno de los medios de expresi\u00f3n m\u00e1s fuertes, raz\u00f3n por la cual en la actualidad me encuentro estudiando marketing y dise\u00f1o gr\u00e1fico. Pero sobretodo instruyendo a j\u00f3venes desde el club [&hellip;]<\/p>\n","protected":false},"author":1,"featured_media":0,"parent":0,"menu_order":0,"comment_status":"closed","ping_status":"closed","template":"","meta":{"_et_pb_use_builder":"on","_et_pb_old_content":"","_et_gb_content_width":"","footnotes":""},"class_list":["post-303","page","type-page","status-publish","hentry"],"_links":{"self":[{"href":"https:\/\/mattphotographer.com\/index.php?rest_route=\/wp\/v2\/pages\/303","targetHints":{"allow":["GET"]}}],"collection":[{"href":"https:\/\/mattphotographer.com\/index.php?rest_route=\/wp\/v2\/pages"}],"about":[{"href":"https:\/\/mattphotographer.com\/index.php?rest_route=\/wp\/v2\/types\/page"}],"author":[{"embeddable":true,"href":"https:\/\/mattphotographer.com\/index.php?rest_route=\/wp\/v2\/users\/1"}],"replies":[{"embeddable":true,"href":"https:\/\/mattphotographer.com\/index.php?rest_route=%2Fwp%2Fv2%2Fcomments&post=303"}],"version-history":[{"count":15,"href":"https:\/\/mattphotographer.com\/index.php?rest_route=\/wp\/v2\/pages\/303\/revisions"}],"predecessor-version":[{"id":455,"href":"https:\/\/mattphotographer.com\/index.php?rest_route=\/wp\/v2\/pages\/303\/revisions\/455"}],"wp:attachment":[{"href":"https:\/\/mattphotographer.com\/index.php?rest_route=%2Fwp%2Fv2%2Fmedia&parent=303"}],"curies":[{"name":"wp","href":"https:\/\/api.w.org\/{rel}","templated":true}]}}